{"id":38507,"date":"2021-07-16T14:10:26","date_gmt":"2021-07-16T12:10:26","guid":{"rendered":"https:\/\/www.victorynet.org\/gespraechsgruppe\/"},"modified":"2022-10-28T10:56:13","modified_gmt":"2022-10-28T08:56:13","slug":"gespraechsgruppe","status":"publish","type":"page","link":"https:\/\/www.victorynet.org\/de\/gespraechsgruppe\/","title":{"rendered":"Gespr\u00e4chsgruppe"},"content":{"rendered":"<p>Die VictoryNET Foundation arbeitet eng mit dem Exzellenzzentrum f\u00fcr neuroendokrine Tumoren des CHUV (Lausanne) zusammen, um eine Gespr\u00e4chsgruppe einzurichten, die es Patienten mit NET erm\u00f6glicht, sich \u00fcber verschiedene Themen im Zusammenhang mit NET auszutauschen und ihre unterschiedlichen Erfahrungen und Fragen zu teilen.<\/p>\n<p>Die Gespr\u00e4chsgruppe ist eine Plattform, die vom Team des CHUV (Lausanne) initiiert und vom Pflegepersonal betreut wird. Hier kann sich jeder frei austauschen und sich \u00fcber Fortschritte und klinische Forschung informieren. <\/p>\n<p>\t\t\t<a href=\"https:\/\/community-victorynet.tribe.so\/login?redirect=\/\" target=\"_blank\" role=\"button\" rel=\"noopener\"><br \/>\n\t\t\t\t\t\tDer Gespr\u00e4chsgruppe beitreten<br \/>\n\t\t\t\t\t<\/a><\/p>\n","protected":false},"excerpt":{"rendered":"<p>Die VictoryNET Foundation arbeitet eng mit dem Exzellenzzentrum f\u00fcr neuroendokrine Tumoren des CHUV (Lausanne) zusammen, um eine Gespr\u00e4chsgruppe einzurichten, die es Patienten mit NET erm\u00f6glicht, sich \u00fcber verschiedene Themen im Zusammenhang mit NET auszutauschen und ihre unterschiedlichen Erfahrungen und Fragen zu teilen. Die Gespr\u00e4chsgruppe ist eine Plattform, die vom Team des CHUV (Lausanne) initiiert und [&hellip;]<\/p>\n","protected":false},"author":1,"featured_media":0,"parent":0,"menu_order":0,"comment_status":"closed","ping_status":"closed","template":"elementor_header_footer","meta":{"om_disable_all_campaigns":false,"_monsterinsights_skip_tracking":false,"_monsterinsights_sitenote_active":false,"_monsterinsights_sitenote_note":"","_monsterinsights_sitenote_category":0,"_uf_show_specific_survey":0,"_uf_disable_surveys":false,"footnotes":""},"class_list":["post-38507","page","type-page","status-publish","hentry"],"blocksy_meta":{"styles_descriptor":{"styles":{"desktop":"","tablet":"","mobile":""},"google_fonts":[],"version":6}},"aioseo_notices":[],"_links":{"self":[{"href":"https:\/\/www.victorynet.org\/de\/wp-json\/wp\/v2\/pages\/38507","targetHints":{"allow":["GET"]}}],"collection":[{"href":"https:\/\/www.victorynet.org\/de\/wp-json\/wp\/v2\/pages"}],"about":[{"href":"https:\/\/www.victorynet.org\/de\/wp-json\/wp\/v2\/types\/page"}],"author":[{"embeddable":true,"href":"https:\/\/www.victorynet.org\/de\/wp-json\/wp\/v2\/users\/1"}],"replies":[{"embeddable":true,"href":"https:\/\/www.victorynet.org\/de\/wp-json\/wp\/v2\/comments?post=38507"}],"version-history":[{"count":2,"href":"https:\/\/www.victorynet.org\/de\/wp-json\/wp\/v2\/pages\/38507\/revisions"}],"predecessor-version":[{"id":38665,"href":"https:\/\/www.victorynet.org\/de\/wp-json\/wp\/v2\/pages\/38507\/revisions\/38665"}],"wp:attachment":[{"href":"https:\/\/www.victorynet.org\/de\/wp-json\/wp\/v2\/media?parent=38507"}],"curies":[{"name":"wp","href":"https:\/\/api.w.org\/{rel}","templated":true}]}}