{"id":38520,"date":"2022-06-02T15:14:40","date_gmt":"2022-06-02T13:14:40","guid":{"rendered":"https:\/\/www.victorynet.org\/nformationen\/"},"modified":"2022-10-28T10:57:02","modified_gmt":"2022-10-28T08:57:02","slug":"informationen","status":"publish","type":"page","link":"https:\/\/www.victorynet.org\/de\/informationen\/","title":{"rendered":"Informationen"},"content":{"rendered":"\t\t<div data-elementor-type=\"wp-page\" data-elementor-id=\"38520\" class=\"elementor elementor-38520 elementor-35391\" data-elementor-post-type=\"page\">\n\t\t\t\t\t\t<section class=\"elementor-section elementor-top-section elementor-element elementor-element-471d1d3 elementor-section-height-min-height elementor-section-boxed elementor-section-height-default elementor-section-items-middle elementor-invisible\" data-id=\"471d1d3\" data-element_type=\"section\" data-settings=\"{&quot;background_background&quot;:&quot;classic&quot;,&quot;animation&quot;:&quot;fadeIn&quot;}\">\n\t\t\t\t\t\t\t<div class=\"elementor-background-overlay\"><\/div>\n\t\t\t\t\t\t\t<div class=\"elementor-container elementor-column-gap-default\">\n\t\t\t\t\t<div class=\"elementor-column elementor-col-100 elementor-top-column elementor-element elementor-element-01d0a1b\" data-id=\"01d0a1b\" data-element_type=\"column\">\n\t\t\t<div class=\"elementor-widget-wrap elementor-element-populated\">\n\t\t\t\t\t\t\t<\/div>\n\t\t<\/div>\n\t\t\t\t\t<\/div>\n\t\t<\/section>\n\t\t\t\t<section class=\"elementor-section elementor-top-section elementor-element elementor-element-ad1554c elementor-section-boxed elementor-section-height-default elementor-section-height-default\" data-id=\"ad1554c\" data-element_type=\"section\" data-settings=\"{&quot;background_background&quot;:&quot;classic&quot;}\">\n\t\t\t\t\t\t<div class=\"elementor-container elementor-column-gap-default\">\n\t\t\t\t\t<div class=\"elementor-column elementor-col-100 elementor-top-column elementor-element elementor-element-3f6e287\" data-id=\"3f6e287\" data-element_type=\"column\">\n\t\t\t<div class=\"elementor-widget-wrap elementor-element-populated\">\n\t\t\t\t\t\t<div class=\"elementor-element elementor-element-21780a0 elementor-widget elementor-widget-text-editor\" data-id=\"21780a0\" data-element_type=\"widget\" data-widget_type=\"text-editor.default\">\n\t\t\t\t<div class=\"elementor-widget-container\">\n\t\t\t\t\t\t\t\t\t<p>Im Folgenden finden Sie eine nicht ersch\u00f6pfende Liste von Vereinigungen, Ligen und Stiftungen in der Schweiz sowie in Frankreich, Gro\u00dfbritannien und Kanada, die sich mit neuroendokrinen Tumoren befassen. <\/p>\n\t\t\t\t\t\t\t\t<\/div>\n\t\t\t\t<\/div>\n\t\t\t\t<section class=\"elementor-section elementor-inner-section elementor-element elementor-element-21caa23 elementor-section-boxed elementor-section-height-default elementor-section-height-default\" data-id=\"21caa23\" data-element_type=\"section\">\n\t\t\t\t\t\t<div class=\"elementor-container elementor-column-gap-default\">\n\t\t\t\t\t<div class=\"elementor-column elementor-col-50 elementor-inner-column elementor-element elementor-element-3994a27 elementor-invisible\" data-id=\"3994a27\" data-element_type=\"column\" data-settings=\"{&quot;background_background&quot;:&quot;classic&quot;,&quot;animation&quot;:&quot;fadeIn&quot;,&quot;animation_tablet&quot;:&quot;fadeIn&quot;}\">\n\t\t\t<div class=\"elementor-widget-wrap elementor-element-populated\">\n\t\t\t\t\t\t<div class=\"elementor-element elementor-element-86a2be6 elementor-invisible elementor-widget elementor-widget-heading\" data-id=\"86a2be6\" data-element_type=\"widget\" data-settings=\"{&quot;_animation&quot;:&quot;fadeInUp&quot;,&quot;_animation_tablet&quot;:&quot;fadeIn&quot;}\" data-widget_type=\"heading.default\">\n\t\t\t\t<div class=\"elementor-widget-container\">\n\t\t\t\t\t<h3 class=\"elementor-heading-title elementor-size-default\">SCHWEIZ<\/h3>\t\t\t\t<\/div>\n\t\t\t\t<\/div>\n\t\t\t\t<div class=\"elementor-element elementor-element-320d11e elementor-widget elementor-widget-text-editor\" data-id=\"320d11e\" data-element_type=\"widget\" data-widget_type=\"text-editor.default\">\n\t\t\t\t<div class=\"elementor-widget-container\">\n\t\t\t\t\t\t\t\t\t<p><strong><a href=\"https:\/\/www.liguecancer.ch\/\" target=\"_blank\" rel=\"noopener\">SCHWEIZER KREBSLIGA<\/a><\/strong><\/p>\n<p>Die Website der Krebsliga bietet Informationsmaterial zu vielen Krebsarten, allgemeine Ratschl\u00e4ge und Unterst\u00fctzung. <\/p>\n<p><strong><a href=\"https:\/\/www.swissnet.net\" target=\"_blank\" rel=\"noopener\">SWISSNET<\/a><\/strong><\/p>\n<p>Swissnet ist das Schweizer Register f\u00fcr neuroendokrine Tumoren, das Spezialisten aus verschiedenen Disziplinen zusammenbringt.<\/p>\n<p><strong><a href=\"https:\/\/www.kofam.ch\" target=\"_blank\" rel=\"noopener\">KOFAM<\/a><\/strong><\/p>\n<p>Portal des Bundesamts f\u00fcr Gesundheit (BAG) mit Informationen zu den in der Schweiz durchgef\u00fchrten klinischen Versuchen.<\/p>\n<p><strong><a href=\"https:\/\/www.avac.ch\" target=\"_blank\" rel=\"noopener\">LERNEN, MIT KREBS ZU LEBEN<\/a><\/strong><\/p>\n<p>Ein europ\u00e4isches Bildungs- und Unterst\u00fctzungsprogramm, das in den verschiedenen Regionen der Schweiz angeboten wird.<\/p>\n<p><strong><a href=\"https:\/\/www.forumcancer.ch\/\" target=\"_blank\" rel=\"noopener\">FORUM CANCER<\/a><\/strong><\/p>\n<p>Wenn Sie sich in einem Internetforum informieren und austauschen m\u00f6chten, bietet das Forum Cancer eine seri\u00f6se Plattform. <\/p>\n\t\t\t\t\t\t\t\t<\/div>\n\t\t\t\t<\/div>\n\t\t\t\t\t<\/div>\n\t\t<\/div>\n\t\t\t\t<div class=\"elementor-column elementor-col-50 elementor-inner-column elementor-element elementor-element-ac4ba1b elementor-invisible\" data-id=\"ac4ba1b\" data-element_type=\"column\" data-settings=\"{&quot;background_background&quot;:&quot;classic&quot;,&quot;animation&quot;:&quot;fadeIn&quot;,&quot;animation_tablet&quot;:&quot;fadeIn&quot;}\">\n\t\t\t<div class=\"elementor-widget-wrap elementor-element-populated\">\n\t\t\t\t\t\t<div class=\"elementor-element elementor-element-899641d elementor-invisible elementor-widget elementor-widget-heading\" data-id=\"899641d\" data-element_type=\"widget\" data-settings=\"{&quot;_animation&quot;:&quot;fadeInUp&quot;,&quot;_animation_tablet&quot;:&quot;fadeIn&quot;}\" data-widget_type=\"heading.default\">\n\t\t\t\t<div class=\"elementor-widget-container\">\n\t\t\t\t\t<h3 class=\"elementor-heading-title elementor-size-default\">FRANKREICH<\/h3>\t\t\t\t<\/div>\n\t\t\t\t<\/div>\n\t\t\t\t<div class=\"elementor-element elementor-element-246a2c0 elementor-widget elementor-widget-text-editor\" data-id=\"246a2c0\" data-element_type=\"widget\" data-widget_type=\"text-editor.default\">\n\t\t\t\t<div class=\"elementor-widget-container\">\n\t\t\t\t\t\t\t\t\t<p><strong><a href=\"https:\/\/www.apted.fr\" target=\"_blank\" rel=\"noopener\">APTED<\/a><\/strong><\/p>\n<p>Nationale Vereinigung von Patienten mit verschiedenen endokrinen Tumoren.<\/p>\n<p><strong><a href=\"https:\/\/www.tne-infos.fr\" target=\"_blank\" rel=\"noopener\">TNEINFOS<\/a><\/strong><\/p>\n<p>Informative Website, die vom Laboratoire IPSEN France erstellt wurde.<\/p>\n<p><strong><a href=\"https:\/\/www.reseau-gte.org\/renaten\/\" target=\"_blank\" rel=\"noopener\">RESEAU GTE<\/a><\/strong><\/p>\n<p>RENATEN ist das Nationale Referenznetzwerk f\u00fcr die Behandlung seltener sporadischer und erblicher maligner neuroendokriner Tumoren.<\/p>\n<p><strong><a href=\"https:\/\/www.afnem.fr\" target=\"_blank\" rel=\"noopener\">AFNEM<\/a><\/strong><\/p>\n<p>Nationale Vereinigung von Patienten mit multipler endokriner Neoplasie Typ 1 oder Typ 2.<\/p>\n\t\t\t\t\t\t\t\t<\/div>\n\t\t\t\t<\/div>\n\t\t\t\t\t<\/div>\n\t\t<\/div>\n\t\t\t\t\t<\/div>\n\t\t<\/section>\n\t\t\t\t<section class=\"elementor-section elementor-inner-section elementor-element elementor-element-61e9c53 elementor-section-boxed elementor-section-height-default elementor-section-height-default\" data-id=\"61e9c53\" data-element_type=\"section\">\n\t\t\t\t\t\t<div class=\"elementor-container elementor-column-gap-default\">\n\t\t\t\t\t<div class=\"elementor-column elementor-col-50 elementor-inner-column elementor-element elementor-element-9d813e5 elementor-invisible\" data-id=\"9d813e5\" data-element_type=\"column\" data-settings=\"{&quot;background_background&quot;:&quot;classic&quot;,&quot;animation&quot;:&quot;fadeIn&quot;,&quot;animation_tablet&quot;:&quot;fadeIn&quot;}\">\n\t\t\t<div class=\"elementor-widget-wrap elementor-element-populated\">\n\t\t\t\t\t\t<div class=\"elementor-element elementor-element-975a7ed elementor-invisible elementor-widget elementor-widget-heading\" data-id=\"975a7ed\" data-element_type=\"widget\" data-settings=\"{&quot;_animation&quot;:&quot;fadeInUp&quot;,&quot;_animation_tablet&quot;:&quot;fadeIn&quot;}\" data-widget_type=\"heading.default\">\n\t\t\t\t<div class=\"elementor-widget-container\">\n\t\t\t\t\t<h3 class=\"elementor-heading-title elementor-size-default\">DEUTSCHLAND<\/h3>\t\t\t\t<\/div>\n\t\t\t\t<\/div>\n\t\t\t\t<div class=\"elementor-element elementor-element-9527ed3 elementor-widget elementor-widget-text-editor\" data-id=\"9527ed3\" data-element_type=\"widget\" data-widget_type=\"text-editor.default\">\n\t\t\t\t<div class=\"elementor-widget-container\">\n\t\t\t\t\t\t\t\t\t<p style=\"margin-bottom: var(--content-spacing); font-size: 16px; text-align: left;\"><strong style=\"font-size: inherit; text-align: inherit; color: var( --e-global-color-blocksy_palette_3 ); background-color: var( --e-global-color-blocksy_palette_8 ); font-style: var(--fontStyle, inherit); letter-spacing: var(--letterSpacing); text-transform: var(--textTransform);\"><a style=\"transition: var(--transition);\" href=\"https:\/\/www.glandula-online.de\/\" target=\"_blank\" rel=\"noopener\">NETZWERK NEUROENDOKRINE TUMOREN<\/a><\/strong><\/p>\n<p style=\"margin-bottom: var(--content-spacing); font-size: 16px; text-align: left;\">Die Website der deutschen Patientenorganisation mit vielen Beitr\u00e4gen zu NET. Die Zusammenfassung der derzeit laufenden klinischen Studien kann f\u00fcr manche Patienten besonders hilfreich sein.  <\/p>\n\t\t\t\t\t\t\t\t<\/div>\n\t\t\t\t<\/div>\n\t\t\t\t\t<\/div>\n\t\t<\/div>\n\t\t\t\t<div class=\"elementor-column elementor-col-50 elementor-inner-column elementor-element elementor-element-405f408 elementor-invisible\" data-id=\"405f408\" data-element_type=\"column\" data-settings=\"{&quot;background_background&quot;:&quot;classic&quot;,&quot;animation&quot;:&quot;fadeIn&quot;,&quot;animation_tablet&quot;:&quot;fadeIn&quot;}\">\n\t\t\t<div class=\"elementor-widget-wrap elementor-element-populated\">\n\t\t\t\t\t\t<div class=\"elementor-element elementor-element-eb48907 elementor-invisible elementor-widget elementor-widget-heading\" data-id=\"eb48907\" data-element_type=\"widget\" data-settings=\"{&quot;_animation&quot;:&quot;fadeInUp&quot;,&quot;_animation_tablet&quot;:&quot;fadeIn&quot;}\" data-widget_type=\"heading.default\">\n\t\t\t\t<div class=\"elementor-widget-container\">\n\t\t\t\t\t<h3 class=\"elementor-heading-title elementor-size-default\">GROSSBRITANNIEN<\/h3>\t\t\t\t<\/div>\n\t\t\t\t<\/div>\n\t\t\t\t<div class=\"elementor-element elementor-element-a002c01 elementor-widget elementor-widget-text-editor\" data-id=\"a002c01\" data-element_type=\"widget\" data-widget_type=\"text-editor.default\">\n\t\t\t\t<div class=\"elementor-widget-container\">\n\t\t\t\t\t\t\t\t\t<p><strong><a href=\"https:\/\/www.neuroendocrinecancer.org.uk\" target=\"_blank\" rel=\"noopener\">NEUROENDOCRINE CANCER UK<\/a><\/strong><\/p>\n<p>Eine Plattform, auf der Sie weitere Informationen finden, einschlie\u00dflich Selbsthilfegruppen, Veranstaltungen und Online-Foren f\u00fcr Personen mit NET.<\/p>\n<p><strong><a href=\"https:\/\/www.amend.org.uk\" target=\"_blank\" rel=\"noopener\">AMEND<\/a><\/strong><\/p>\n<p>Die \u201eAssociation for Multiple Endocrine Neoplasia Disorders\u201c (Vereinigung f\u00fcr multiple endokrine Neoplasie-Erkrankungen).<\/p>\n<p><strong><a href=\"https:\/\/www.incalliance.org\" target=\"_blank\" rel=\"noopener\">INCA<\/a><\/strong><\/p>\n<p>Die internationale Website zur Unterst\u00fctzung von NET-Patienten.<\/p>\n\t\t\t\t\t\t\t\t<\/div>\n\t\t\t\t<\/div>\n\t\t\t\t\t<\/div>\n\t\t<\/div>\n\t\t\t\t\t<\/div>\n\t\t<\/section>\n\t\t\t\t\t<\/div>\n\t\t<\/div>\n\t\t\t\t\t<\/div>\n\t\t<\/section>\n\t\t\t\t<\/div>\n\t\t","protected":false},"excerpt":{"rendered":"<p>Im Folgenden finden Sie eine nicht ersch\u00f6pfende Liste von Vereinigungen, Ligen und Stiftungen in der Schweiz sowie in Frankreich, Gro\u00dfbritannien und Kanada, die sich mit neuroendokrinen Tumoren befassen. SCHWEIZ SCHWEIZER KREBSLIGA Die Website der Krebsliga bietet Informationsmaterial zu vielen Krebsarten, allgemeine Ratschl\u00e4ge und Unterst\u00fctzung. SWISSNET Swissnet ist das Schweizer Register f\u00fcr neuroendokrine Tumoren, das Spezialisten [&hellip;]<\/p>\n","protected":false},"author":1,"featured_media":0,"parent":0,"menu_order":0,"comment_status":"closed","ping_status":"closed","template":"elementor_header_footer","meta":{"om_disable_all_campaigns":false,"_monsterinsights_skip_tracking":false,"_monsterinsights_sitenote_active":false,"_monsterinsights_sitenote_note":"","_monsterinsights_sitenote_category":0,"_uf_show_specific_survey":0,"_uf_disable_surveys":false,"footnotes":""},"class_list":["post-38520","page","type-page","status-publish","hentry"],"blocksy_meta":{"styles_descriptor":{"styles":{"desktop":"","tablet":"","mobile":""},"google_fonts":[],"version":6}},"aioseo_notices":[],"_links":{"self":[{"href":"https:\/\/www.victorynet.org\/de\/wp-json\/wp\/v2\/pages\/38520","targetHints":{"allow":["GET"]}}],"collection":[{"href":"https:\/\/www.victorynet.org\/de\/wp-json\/wp\/v2\/pages"}],"about":[{"href":"https:\/\/www.victorynet.org\/de\/wp-json\/wp\/v2\/types\/page"}],"author":[{"embeddable":true,"href":"https:\/\/www.victorynet.org\/de\/wp-json\/wp\/v2\/users\/1"}],"replies":[{"embeddable":true,"href":"https:\/\/www.victorynet.org\/de\/wp-json\/wp\/v2\/comments?post=38520"}],"version-history":[{"count":3,"href":"https:\/\/www.victorynet.org\/de\/wp-json\/wp\/v2\/pages\/38520\/revisions"}],"predecessor-version":[{"id":38667,"href":"https:\/\/www.victorynet.org\/de\/wp-json\/wp\/v2\/pages\/38520\/revisions\/38667"}],"wp:attachment":[{"href":"https:\/\/www.victorynet.org\/de\/wp-json\/wp\/v2\/media?parent=38520"}],"curies":[{"name":"wp","href":"https:\/\/api.w.org\/{rel}","templated":true}]}}