{"id":38526,"date":"2022-10-18T13:43:54","date_gmt":"2022-10-18T11:43:54","guid":{"rendered":"https:\/\/www.victorynet.org\/exzellenzzentrum\/"},"modified":"2022-10-28T10:56:04","modified_gmt":"2022-10-28T08:56:04","slug":"exzellenzzentrum","status":"publish","type":"page","link":"https:\/\/www.victorynet.org\/de\/exzellenzzentrum\/","title":{"rendered":"Exzellenzzentrum"},"content":{"rendered":"\t\t<div data-elementor-type=\"wp-page\" data-elementor-id=\"38526\" class=\"elementor elementor-38526 elementor-38345\" data-elementor-post-type=\"page\">\n\t\t\t\t\t\t<section class=\"elementor-section elementor-top-section elementor-element elementor-element-54444b63 elementor-section-height-min-height elementor-section-boxed elementor-section-height-default elementor-section-items-middle elementor-invisible\" data-id=\"54444b63\" data-element_type=\"section\" data-settings=\"{&quot;background_background&quot;:&quot;classic&quot;,&quot;background_motion_fx_motion_fx_scrolling&quot;:&quot;yes&quot;,&quot;background_motion_fx_translateY_effect&quot;:&quot;yes&quot;,&quot;background_motion_fx_translateY_speed&quot;:{&quot;unit&quot;:&quot;px&quot;,&quot;size&quot;:3,&quot;sizes&quot;:[]},&quot;animation&quot;:&quot;fadeIn&quot;,&quot;background_motion_fx_translateY_direction&quot;:&quot;negative&quot;,&quot;background_motion_fx_translateY_affectedRange&quot;:{&quot;unit&quot;:&quot;%&quot;,&quot;size&quot;:&quot;&quot;,&quot;sizes&quot;:{&quot;start&quot;:0,&quot;end&quot;:100}},&quot;background_motion_fx_devices&quot;:[&quot;desktop&quot;,&quot;tablet&quot;,&quot;mobile&quot;]}\">\n\t\t\t\t\t\t\t<div class=\"elementor-background-overlay\"><\/div>\n\t\t\t\t\t\t\t<div class=\"elementor-container elementor-column-gap-default\">\n\t\t\t\t\t<div class=\"elementor-column elementor-col-100 elementor-top-column elementor-element elementor-element-2fa52128\" data-id=\"2fa52128\" data-element_type=\"column\">\n\t\t\t<div class=\"elementor-widget-wrap elementor-element-populated\">\n\t\t\t\t\t\t\t<\/div>\n\t\t<\/div>\n\t\t\t\t\t<\/div>\n\t\t<\/section>\n\t\t\t\t<section class=\"elementor-section elementor-top-section elementor-element elementor-element-38ced1e1 elementor-section-boxed elementor-section-height-default elementor-section-height-default\" data-id=\"38ced1e1\" data-element_type=\"section\" data-settings=\"{&quot;background_background&quot;:&quot;classic&quot;}\">\n\t\t\t\t\t\t<div class=\"elementor-container elementor-column-gap-default\">\n\t\t\t\t\t<div class=\"elementor-column elementor-col-100 elementor-top-column elementor-element elementor-element-51b6c39\" data-id=\"51b6c39\" data-element_type=\"column\">\n\t\t\t<div class=\"elementor-widget-wrap elementor-element-populated\">\n\t\t\t\t\t\t<div class=\"elementor-element elementor-element-7b5ac41b elementor-widget elementor-widget-text-editor\" data-id=\"7b5ac41b\" data-element_type=\"widget\" data-widget_type=\"text-editor.default\">\n\t\t\t\t<div class=\"elementor-widget-container\">\n\t\t\t\t\t\t\t\t\t<p>Exzellenzzentren (CeO) sind von der <a href=\"https:\/\/www.enets.org\/list-of-coes.html\" target=\"_blank\" rel=\"noopener\">ENETS<\/a> (European Society for Neuroendocrine Tumors) anerkannte Zentren. Diese Krankenh\u00e4user sind zertifiziert und garantieren unter anderem die Einhaltung der Patientenbetreuungsprozesse und die Expertise <strong>multidisziplin\u00e4rer Teams<\/strong>.<\/p>\n<p>Seit 2008 wurden \u00fcber 60 Zentren in Belgien, D\u00e4nemark, Deutschland, Frankreich, Gro\u00dfbritannien, Italien, den Niederlanden, Norwegen, \u00d6sterreich, Schweden, der Schweiz, den USA, Kanada und Australien registriert.<\/p>\n<p>Nachfolgend finden Sie eine Liste der Centres of Excellence in der Schweiz :<\/p>\t\t\t\t\t\t\t\t<\/div>\n\t\t\t\t<\/div>\n\t\t\t\t<div class=\"elementor-element elementor-element-1f90596f elementor-widget elementor-widget-shortcode\" data-id=\"1f90596f\" data-element_type=\"widget\" data-widget_type=\"shortcode.default\">\n\t\t\t\t<div class=\"elementor-widget-container\">\n\t\t\t\t\t\t\t<div class=\"elementor-shortcode\"><\/div>\n\t\t\t\t\t\t<\/div>\n\t\t\t\t<\/div>\n\t\t\t\t\t<\/div>\n\t\t<\/div>\n\t\t\t\t\t<\/div>\n\t\t<\/section>\n\t\t\t\t<\/div>\n\t\t","protected":false},"excerpt":{"rendered":"<p>Exzellenzzentren (CeO) sind von der ENETS (European Society for Neuroendocrine Tumors) anerkannte Zentren. Diese Krankenh\u00e4user sind zertifiziert und garantieren unter anderem die Einhaltung der Patientenbetreuungsprozesse und die Expertise multidisziplin\u00e4rer Teams. Seit 2008 wurden \u00fcber 60 Zentren in Belgien, D\u00e4nemark, Deutschland, Frankreich, Gro\u00dfbritannien, Italien, den Niederlanden, Norwegen, \u00d6sterreich, Schweden, der Schweiz, den USA, Kanada und Australien [&hellip;]<\/p>\n","protected":false},"author":1,"featured_media":0,"parent":0,"menu_order":0,"comment_status":"closed","ping_status":"closed","template":"elementor_header_footer","meta":{"om_disable_all_campaigns":false,"_monsterinsights_skip_tracking":false,"_monsterinsights_sitenote_active":false,"_monsterinsights_sitenote_note":"","_monsterinsights_sitenote_category":0,"_uf_show_specific_survey":0,"_uf_disable_surveys":false,"footnotes":""},"class_list":["post-38526","page","type-page","status-publish","hentry"],"blocksy_meta":{"styles_descriptor":{"styles":{"desktop":"","tablet":"","mobile":""},"google_fonts":[],"version":6}},"aioseo_notices":[],"_links":{"self":[{"href":"https:\/\/www.victorynet.org\/de\/wp-json\/wp\/v2\/pages\/38526","targetHints":{"allow":["GET"]}}],"collection":[{"href":"https:\/\/www.victorynet.org\/de\/wp-json\/wp\/v2\/pages"}],"about":[{"href":"https:\/\/www.victorynet.org\/de\/wp-json\/wp\/v2\/types\/page"}],"author":[{"embeddable":true,"href":"https:\/\/www.victorynet.org\/de\/wp-json\/wp\/v2\/users\/1"}],"replies":[{"embeddable":true,"href":"https:\/\/www.victorynet.org\/de\/wp-json\/wp\/v2\/comments?post=38526"}],"version-history":[{"count":2,"href":"https:\/\/www.victorynet.org\/de\/wp-json\/wp\/v2\/pages\/38526\/revisions"}],"predecessor-version":[{"id":38664,"href":"https:\/\/www.victorynet.org\/de\/wp-json\/wp\/v2\/pages\/38526\/revisions\/38664"}],"wp:attachment":[{"href":"https:\/\/www.victorynet.org\/de\/wp-json\/wp\/v2\/media?parent=38526"}],"curies":[{"name":"wp","href":"https:\/\/api.w.org\/{rel}","templated":true}]}}