{"id":38530,"date":"2022-01-18T14:29:34","date_gmt":"2022-01-18T13:29:34","guid":{"rendered":"https:\/\/www.victorynet.org\/rechtliche-hinweise\/"},"modified":"2022-10-24T16:05:32","modified_gmt":"2022-10-24T14:05:32","slug":"rechtliche-hinweise","status":"publish","type":"page","link":"https:\/\/www.victorynet.org\/de\/rechtliche-hinweise\/","title":{"rendered":"Rechtliche Hinweise"},"content":{"rendered":"<style>\/*! elementor - v3.7.8 - 02-10-2022 *\/\n.elementor-heading-title{padding:0;margin:0;line-height:1}.elementor-widget-heading .elementor-heading-title[class*=elementor-size-]>a{color:inherit;font-size:inherit;line-height:inherit}.elementor-widget-heading .elementor-heading-title.elementor-size-small{font-size:15px}.elementor-widget-heading .elementor-heading-title.elementor-size-medium{font-size:19px}.elementor-widget-heading .elementor-heading-title.elementor-size-large{font-size:29px}.elementor-widget-heading .elementor-heading-title.elementor-size-xl{font-size:39px}.elementor-widget-heading .elementor-heading-title.elementor-size-xxl{font-size:59px}<\/style>\n<h2>DATENSCHUTZPOLITIK<\/h2>\n<p>Wir sind f\u00fcr die Erhebung, Verarbeitung und Nutzung Ihrer personenbezogenen Daten sowie f\u00fcr die gesetzeskonforme Verarbeitung der Daten verantwortlich. Diese Datenschutzbestimmungen gelten als integraler Bestandteil der Nutzungsbedingungen. <\/p>\n<p>Wir verpflichten uns, verantwortungsvoll mit Ihren pers\u00f6nlichen Daten umzugehen. Wir halten uns daher an die gesetzlichen Anforderungen des Schweizerischen Bundesgesetzes \u00fcber den Datenschutz (DSG), der Verordnung zum Bundesgesetz \u00fcber den Datenschutz (VDSG), des Fernmeldegesetzes (FMG) und der \u00fcbrigen Bestimmungen der schweizerischen Datenschutzgesetzgebung. Dar\u00fcber hinaus werden wir die Bestimmungen der EU-Datenschutzgrundverordnung \u00fcber personenbezogene Daten von Nutzern (DSGVO) einhalten.  <\/p>\n<p>Im Folgenden m\u00f6chten wir Sie dar\u00fcber informieren, wie wir Ihre pers\u00f6nlichen Daten verarbeiten.<\/p>\n<p>Die Original-Datenschutzerkl\u00e4rung ist in franz\u00f6sischer Sprache. Die \u00fcbersetzten Versionen dienen dem besseren Verst\u00e4ndnis. Im Falle von Abweichungen ist der franz\u00f6sische Text ma\u00dfgeblich.  <\/p>\n<p>Bitte beachten Sie, dass die nachstehenden Informationen von Zeit zu Zeit \u00fcberpr\u00fcft und ge\u00e4ndert werden k\u00f6nnen. Wir empfehlen Ihnen daher, diese Datenschutzerkl\u00e4rung regelm\u00e4\u00dfig zu lesen. W\u00e4hrend Sie unsere Website besuchen, erheben und verwenden wir Ihre personenbezogenen Daten im nachstehenden Umfang f\u00fcr die folgenden Zwecke:  <\/p>\n<p><strong>UMFANG UND ZWECK DER ERHEBUNG, VERARBEITUNG UND NUTZUNG PERSONENBEZOGENER DATEN<\/strong><\/p>\n<p>Lors de la visite de notre site<\/p>\n<p>Wenn Sie unsere Website besuchen, speichern unsere Server jeden Zugriff vor\u00fcbergehend in einer Protokolldatei.<\/p>\n<p>Auf diese Weise speichern wir die folgenden Daten:<\/p>\n<ul>\n<li>die IP-Adresse des anfragenden Computers,<\/li>\n<li>das Datum und die Uhrzeit des Zugriffs,<\/li>\n<li>den Namen und die URL der abgerufenen Daten,<\/li>\n<li>die Internetseite, von der aus auf unsere Domain zugegriffen wurde,<\/li>\n<li>das Betriebssystem Ihres Computers und den Browser, den Sie verwenden,<\/li>\n<li>das Land, aus dem der Zugriff auf unsere Website erfolgt, und<\/li>\n<li>den Namen Ihres Internetanbieters.<\/li>\n<\/ul>\n<p>Die Erhebung und Verarbeitung dieser Daten erfolgt in der Regel anonym ohne Personenbezug, um die Nutzung der Website zu erm\u00f6glichen (Verbindungsaufbau), die Systemsicherheit und -stabilit\u00e4t dauerhaft zu gew\u00e4hrleisten und das Internetangebot zu optimieren, sowie zu statistischen Zwecken. Die oben genannten Informationen werden nicht mit personenbezogenen Daten verkn\u00fcpft oder zusammen mit diesen gespeichert. <\/p>\n<p>Nur im Falle eines Angriffs auf die Netzinfrastruktur oder des Verdachts einer anderen rechtswidrigen oder missbr\u00e4uchlichen Nutzung der Website wird die IP-Adresse zu Kl\u00e4rungs- und Verteidigungszwecken analysiert und gegebenenfalls im Rahmen eines Strafverfahrens zur Identifizierung sowie f\u00fcr zivil- und strafrechtliche Verfahren gegen den betreffenden Nutzer verwendet. Wir k\u00f6nnten verpflichtet sein, die betreffenden Dateien einem Staat zur Verf\u00fcgung zu stellen, der dies beantragt, wenn eine Klage geltend gemacht werden k\u00f6nnte. <\/p>\n<p>Bei der Anmeldung zu unserem Newsletter oder der Verwendung jeglicher Art von Kontaktformularen<\/p>\n<p>Um den Newsletter zu erhalten oder mit uns \u00fcber ein Formular in Kontakt zu treten, ist die Eingabe der folgenden pers\u00f6nlichen Daten erforderlich:<\/p>\n<ul>\n<li>Ihre E-Mail-Adresse<\/li>\n<li>B\u00fcrgerlichkeit<\/li>\n<li>Vorname<\/li>\n<li>Name<\/li>\n<li>vollst\u00e4ndige Adresse<\/li>\n<li>Telefon<\/li>\n<li>Betreff und Nachricht<\/li>\n<\/ul>\n<p>Diese Angaben ben\u00f6tigen wir, um Ihre Anfrage zu bearbeiten, Ihnen den Newsletter zusenden zu k\u00f6nnen und\/oder die Daten f\u00fcr Marketingzwecke wie unten beschrieben zu verwenden.<\/p>\n<p><strong>WEITERGABE VON DATEN AN DRITTE<\/strong><\/p>\n<p>Wir geben Ihre Daten nur weiter, wenn Sie ausdr\u00fccklich eingewilligt haben, wenn wir gesetzlich dazu verpflichtet sind oder soweit es zur Durchsetzung unserer Rechte erforderlich ist. Wir geben Ihre Daten auch an Unternehmen weiter, die mit uns verbunden sind. <\/p>\n<p>Dar\u00fcber hinaus geben wir personenbezogene Daten von Nutzern an Dritte weiter, soweit dies im Rahmen der Nutzung der Website sowie zur Beantwortung von Fragen, zur Bearbeitung von Auskunftsersuchen oder zur Erbringung von ggf. vom Nutzer geforderten Dienstleistungen erforderlich ist. Die Nutzung der zu diesem Zweck \u00fcbermittelten Daten durch Dritte ist strikt auf die oben genannten Zwecke beschr\u00e4nkt. <\/p>\n<p>Eine \u00dcbersicht \u00fcber die Anbieter im Sinne des vorstehenden Absatzes kann auf Anfrage zur Verf\u00fcgung gestellt werden.<\/p>\n<p><strong>NUTZUNG F\u00dcR MARKETINGZWECKE<\/strong><\/p>\n<p>Newsletter und andere Marketingkampagnen<\/p>\n<p>Mit der Anmeldung zum Newsletter erkl\u00e4ren Sie sich ausdr\u00fccklich damit einverstanden, dass wir Ihre Adresse und Ihre pers\u00f6nlichen Daten f\u00fcr Marketingkampagnen verwenden, z. B. f\u00fcr den Versand des Newsletters und\/oder den Versand von Katalogen. Sie k\u00f6nnen sich jederzeit von allen Marketingkampagnen abmelden. Die Kontaktdaten finden Sie weiter unten unter &#8222;Kontakte&#8220;. Au\u00dferdem finden Sie einen Abmeldelink in allen Newsletter-E-Mails, die Ihnen zugesandt werden.   <\/p>\n<p>Dar\u00fcber hinaus sind wir berechtigt, Dritte mit der technischen Entwicklung von Marketingkampagnen zu beauftragen und haben daher das Recht, Ihre personenbezogenen Daten zu diesem Zweck Dritten zur Verf\u00fcgung zu stellen.<\/p>\n<p>Wir oder Dritte nutzen f\u00fcr den Versand unseres Newsletters E-Mail-Marketing-Dienstleistungen, und die diesbez\u00fcglichen Newsletter-Daten k\u00f6nnen zu diesem Zweck weitergegeben werden. Die Newsletter-Daten werden sowohl auf dem Host-Server der Website als auch auf einem Server eines beauftragten Drittunternehmens gespeichert. <\/p>\n<p>Unser Newsletter sowie unsere Website k\u00f6nnen einen so genannten Web-Beacon (Z\u00e4hlpixel) oder \u00e4hnliche technische Mittel enthalten. Ein Web-Beacon ist eine unsichtbare Grafik von 1&#215;1 Pixel, die mit der Nutzer-ID des jeweiligen Newsletter-Abonnements in Verbindung steht oder mit der Marketingkampagne verkn\u00fcpft ist. <\/p>\n<p>Es gibt bei jedem versendeten Newsletter Informationen \u00fcber die verwendete Adressdatei, den Zweck und die Anzahl der versendeten Newsletter. Au\u00dferdem k\u00f6nnen wir sehen, welche Adressen den Newsletter noch nicht erhalten haben, an welche Adresse er gesendet wurde und bei welchen Adressen der Versand fehlgeschlagen ist. Dann gibt es noch die \u00d6ffnungsrate, einschlie\u00dflich der Information dar\u00fcber, welche Adressen den Newsletter ge\u00f6ffnet haben. Und schlie\u00dflich die Informationen \u00fcber die Adressen, die sich vom Newsletter abgemeldet haben. Wir verwenden diese Daten zu statistischen Zwecken und zur Optimierung des Newsletters hinsichtlich Inhalt und Aufbau. Dadurch k\u00f6nnen wir die Informationen und Angebote unseres Newsletters besser auf die individuellen Interessen der Empf\u00e4nger ausrichten. Das Pixel wird gel\u00f6scht, wenn Sie den Newsletter l\u00f6schen.      <\/p>\n<p>Um die Verwendung von web beacon in unserem Newsletter zu unterdr\u00fccken, stellen Sie bitte Ihr Mailprogramm, falls nicht bereits voreingestellt, so ein, dass in den Nachrichten kein HTML angezeigt wird.<\/p>\n<p>Um die Verwendung von Web-Beacons auf unserer Website zu unterdr\u00fccken, k\u00f6nnen Sie eine private Navigation \u00f6ffnen. Weitere Informationen dazu finden Sie in den Einstellungsoptionen Ihres Browsers. <\/p>\n<p>Das private Surfen kann jedoch dazu f\u00fchren, dass Sie nicht alle Funktionen unserer Plattform nutzen k\u00f6nnen.<\/p>\n<p>Re-targeting<\/p>\n<p>Wir k\u00f6nnen auf der Website sogenannte Re-Targeting-Technologien einsetzen. Das Nutzungsverhalten auf der Webseite wird analysiert, um auch auf den Webseiten unserer Partner nutzerbezogene Werbung ausspielen zu k\u00f6nnen. Das Nutzungsverhalten wird pseudonymisiert erhoben.  <\/p>\n<p>Die meisten Re-Targeting-Technologien arbeiten mit Cookies (siehe dazu unten im Abschnitt &#8222;Cookies&#8220;).<\/p>\n<p>Drittunternehmen nutzen diese Informationen, um die Nutzung der Website im Hinblick auf die Platzierung von Anzeigen zu analysieren, um Reports \u00fcber die Websiteaktivit\u00e4ten und Anzeigen f\u00fcr die Websitebetreiber zusammenzustellen und um weitere mit der Websitenutzung und der Internetnutzung verbundene Dienstleistungen zu erbringen. Sie werden diese Informationen gegebenenfalls auch an Dritte weitergeben, sofern dies gesetzlich vorgeschrieben ist oder soweit Dritte diese Daten im Auftrag verarbeiten. <\/p>\n<p>Die Nutzer k\u00f6nnen das Re-Targeting jederzeit verhindern, indem sie die entsprechenden Cookies in der Men\u00fcleiste des Internetbrowsers ablehnen oder deaktivieren (siehe dazu weiter unten unter &#8222;Cookies&#8220;).<\/p>\n<p><strong>\u00dcBERMITTLUNG VON PERS\u00d6NLICHEN DATEN INS AUSLAND<\/strong><\/p>\n<p>Wir sind berechtigt, Ihre Daten an Drittunternehmen im Ausland weiterzugeben, soweit dies im Rahmen der Bearbeitung Ihrer Anfragen, der Erbringung von Dienstleistungen und Marketingkampagnen erforderlich ist. Diese Drittunternehmen sind verpflichtet, die Privatsph\u00e4re der Nutzer in gleicher Weise zu respektieren wie der Anbieter selbst. Wenn das Datenschutzniveau in einem Land f\u00fcr Schweizer Verh\u00e4ltnisse oder im Sinne der EU-Datenschutzgrundverordnung als unangemessen gilt, stellen wir mit Hilfe eines Nutzungsreglements oder internationaler Standards sicher, dass Ihre Personendaten jederzeit gem\u00e4ss den Schweizer Richtlinien oder der EU-Datenschutzgrundverordnung gesch\u00fctzt sind.  <\/p>\n<p>Die meisten Anbieter haben ihren Standort entweder in der Schweiz oder in Europa. Einige der Anbieter haben hingegen ihren Sitz in den USA (siehe &#8222;Re-Targeting&#8220;, &#8222;Tracking-Tools&#8220; und &#8222;Social Plugins&#8220;). Weitere Erl\u00e4uterungen zu den Daten\u00fcbermittlungen in die USA finden Sie unter &#8222;Tracking&#8220;.  <\/p>\n<p><strong>RECHT AUF AUSKUNFT, L\u00d6SCHUNG UND KORREKTUR<\/strong><\/p>\n<p>Sie k\u00f6nnen jederzeit Auskunft \u00fcber Ihre bei uns gespeicherten personenbezogenen Daten verlangen. Das Auskunftsbegehren ist schriftlich mit Identit\u00e4tsnachweis einzureichen. Ebenso haben Sie das Recht, jederzeit die L\u00f6schung oder Berichtigung Ihrer bei uns gespeicherten Daten zu verlangen.  <\/p>\n<p>Sie k\u00f6nnen eine entsprechende Anfrage stellen, indem Sie das daf\u00fcr vorgesehene Kontaktformular ausf\u00fcllen.<\/p>\n<p>vNutzer aus einem EU-Mitgliedstaat k\u00f6nnen sich auch an ihre zust\u00e4ndigen Datenschutzbeh\u00f6rden wenden.<\/p>\n<p>Bitte beachten Sie, dass bestimmte Daten laut Gesetz f\u00fcr eine bestimmte Zeit aufbewahrt werden m\u00fcssen. Solche Daten m\u00fcssen daher bis zum Ablauf dieser Fristen bei uns gespeichert bleiben. Wir sperren diese Daten in unserem System und verwenden sie nur zur Erf\u00fcllung der gesetzlichen Vorgaben.  <\/p>\n<p><strong>ERW\u00c4HNUNGEN F\u00dcR KINDER UND ELTERN<\/strong><\/p>\n<p>Unsere Website richtet sich \u00fcberwiegend an ein erwachsenes Publikum. Kindern unter 16 Jahren ist es nicht gestattet, uns ihre pers\u00f6nlichen Daten zu \u00fcbermitteln oder sich f\u00fcr eine Dienstleistung anzumelden. Wenn wir feststellen, dass uns solche Daten \u00fcbermittelt wurden, werden sie aus unserer Datenbank gel\u00f6scht. Die Eltern (oder gesetzlichen Vertreter) des Kindes k\u00f6nnen sich mit uns in Verbindung setzen und die L\u00f6schung oder Abmeldung verlangen. Dazu ben\u00f6tigen wir die Kopie eines offiziellen Dokuments, aus dem hervorgeht, dass Sie ein Elternteil oder eine erziehungsberechtigte Person des Kindes sind.    <\/p>\n<p><strong>DATENSICHERHEIT<\/strong><\/p>\n<p>Wir bedienen uns technischer und organisatorischer Sicherheitsma\u00dfnahmen, die uns angemessen erscheinen, um Ihre Daten vor Manipulation, teilweisem oder vollst\u00e4ndigem Verlust und unberechtigtem Zugriff Dritter zu sch\u00fctzen. Unsere Sicherheitsma\u00dfnahmen werden entsprechend der technologischen Entwicklung fortlaufend angepasst. <\/p>\n<p>Auch unseren eigenen unternehmensinternen Datenschutz nehmen wir sehr ernst. Unsere Mitarbeiter und die von uns beauftragten Dienstleistungsunternehmen sind zur Verschwiegenheit und zur Einhaltung der gesetzlichen Datenschutzbestimmungen verpflichtet. Der Zugriff auf personenbezogene Daten wird zudem nur im notwendigen Umfang gew\u00e4hrt.  <\/p>\n<p><strong>COOKIES<\/strong><\/p>\n<p>Cookies helfen unter anderem dabei, Ihren Besuch auf unserer Website einfacher, angenehmer und n\u00fctzlicher zu gestalten. Cookies sind Informationsdateien, die Ihr Internetbrowser automatisch auf der Festplatte Ihres Computers speichert, wenn Sie unsere Website besuchen. <\/p>\n<p>Cookies besch\u00e4digen nicht die Festplatte Ihres Computers und \u00fcbermitteln uns nicht Ihre pers\u00f6nlichen Daten.<\/p>\n<p>Wir verwenden Cookies z. B., um Sie als registrierten Nutzer wiederzuerkennen, ohne dass Sie sich jedes Mal neu anmelden m\u00fcssen. Diese Verwendung bedeutet in diesem Fall nicht, dass wir neue personenbezogene Daten \u00fcber Sie als Online-Besucher erhalten. <\/p>\n<p>Die meisten Internetbrowser akzeptieren Cookies automatisch. Sie k\u00f6nnen Ihren Browser jedoch so einstellen, dass keine Cookies auf Ihrem Computer abgelegt werden oder dass Sie eine Warnmeldung erhalten, wenn ein neues Cookie eintrifft. Weitere Informationen dazu finden Sie in den Einstellungsoptionen Ihres Browsers.  <\/p>\n<p>Die Deaktivierung von Cookies kann jedoch dazu f\u00fchren, dass Sie nicht alle Funktionen unseres Portals nutzen k\u00f6nnen.<\/p>\n<p><strong>TRACKING-TOOLS<\/strong><\/p>\n<p>Diese Website benutzt Google Analytics, einen Webanalysedienst der Google Inc. (www.google.com). Google Analytics verwendet Methoden, die eine Analyse der Benutzung der Website erm\u00f6glichen, wie z.B. sog. &#8222;Cookies&#8220; (siehe oben &#8222;Cookies&#8220;). Die Informationen \u00fcber die Nutzung der Website werden in der Regel an einen Server von Google in den USA \u00fcbertragen und dort gespeichert.   <\/p>\n<p>Die Informationen werden verwendet, um die Nutzung der Website zu analysieren, um Berichte \u00fcber die Aktivit\u00e4ten auf der Website zusammenzustellen und um weitere mit der Nutzung der Website verbundene Dienstleistungen zu Zwecken der Marktforschung und bedarfsgerechten Gestaltung der Website zu erbringen.<\/p>\n<p>Die Nutzer k\u00f6nnen die Erfassung der durch das Cookie erzeugten und auf die Nutzung der Website durch den jeweiligen Nutzer bezogenen Daten (inkl. der IP-Adresse) an Google sowie die Verarbeitung dieser Daten durch Google verhindern, indem sie das unter dem folgenden Link verf\u00fcgbare Browser-Plugin herunterladen und installieren:<\/p>\n<p>http:\/\/tools.google.com\/dlpage\/gaoptout<\/p>\n<p>Nutzer k\u00f6nnen alternativ zum Browser-Plugin diesen Link anklicken, um die Erfassung durch Google Analytics auf der Website zuk\u00fcnftig zu verhindern. Ein Opt-out-Cookie wird auf dem Endger\u00e4t des Nutzers abgelegt. Wenn Nutzer Cookies l\u00f6schen (siehe oben &#8222;Cookie&#8220;), muss der Link erneut angeklickt werden.  <\/p>\n<p>Der Vollst\u00e4ndigkeit halber sei erw\u00e4hnt, dass die US-Beh\u00f6rden im Rahmen der US-Gesetzgebung \u00dcberwachungsma\u00dfnahmen durchf\u00fchren k\u00f6nnen, die eine allgemeine Aufzeichnung aller Daten, die aus der Europ\u00e4ischen Union in die USA \u00fcbermittelt werden, erlauben. Dies geschieht ohne Unterscheidung, Einschr\u00e4nkung oder Ausnahme auf der Grundlage des verfolgten Zwecks und ohne objektive Kriterien, die es erm\u00f6glichen w\u00fcrden, den Zugriff der US-Beh\u00f6rden auf personenbezogene Daten und deren anschlie\u00dfende Verwendung auf bestimmte, streng begrenzte Zwecke zu beschr\u00e4nken, die den Zugriff auf diese Daten rechtfertigen w\u00fcrden. <\/p>\n<p><strong>SOCIAL-MEDIA-FUNKTIONEN<\/strong><\/p>\n<p>Wir stellen Ihnen auf unserer Website bestimmte Social-Media-Funktionen zur Verf\u00fcgung, insbesondere das Teilen von Produktinformationen auf Facebook, das Tweeten von Produktinformationen etc. Die entsprechenden Funktionen finden Sie auf den einzelnen Produktseiten unter der Rubrik &#8222;Teilen&#8220;. <\/p>\n<p>Wir stellen Ihnen Funktionen in verschiedenen sozialen Medien zur Verf\u00fcgung. Sie werden mit dem ausgew\u00e4hlten sozialen Netzwerk verbunden, indem Sie auf die entsprechenden Symbole der sozialen Netzwerke klicken, um die gew\u00e4hlte Funktionalit\u00e4t auszu\u00fcben, z. B. um einen Inhalt auf Facebook zu teilen oder einen Tweet auf Twitter zu verfassen. Dazu m\u00fcssen Sie sich allerdings in Ihr entsprechendes Benutzerkonto einloggen oder bereits dort angemeldet sein.   <\/p>\n<p>Eine direkte Verbindung zwischen Ihrem Browser und dem Server des jeweiligen sozialen Netzwerks wird hergestellt, wenn Sie eine der zur Verf\u00fcgung gestellten Funktionen ausw\u00e4hlen und auf das Symbol des jeweiligen sozialen Netzwerks klicken. Das Netzwerk erh\u00e4lt dadurch die Information, dass Sie mit Ihrer IP-Adresse unsere Internetseite besucht und den Link aufgerufen haben. Wenn Sie einen Link zu einem Netzwerk aufrufen, w\u00e4hrend Sie in Ihr Konto bei dem jeweiligen Netzwerk eingeloggt sind, k\u00f6nnen die Inhalte Ihrer Website mit Ihrem Profil in dem Netzwerk verkn\u00fcpft werden, d.h. Ihr Netzwerk kann Ihren Besuch auf unserer Website direkt Ihrem Benutzerkonto zuordnen. Sie sollten sich, wenn Sie dies verhindern wollen, ausloggen, bevor Sie entsprechende Links bet\u00e4tigen. Eine Zuordnung findet in jedem Fall statt, wenn Sie sich nach Bet\u00e4tigung des Links im entsprechenden Netzwerk einloggen.    <\/p>\n<p>Links zu unseren Pr\u00e4senzen in den sozialen Medien<\/p>\n<p>Wir haben auf unserer Website Links zu unseren Social-Media-Profilen eingebunden.<\/p>\n<p>Sie werden automatisch zu unserem Profil in dem jeweiligen Netzwerk weitergeleitet, wenn Sie auf die entsprechenden Symbole der sozialen Netzwerke klicken. Manchmal m\u00fcssen Sie sich, um dort die Funktionen des jeweiligen Netzwerks nutzen zu k\u00f6nnen, in Ihr Benutzerkonto bei dem jeweiligen Netzwerk einloggen. <\/p>\n<p>Es wird eine direkte Verbindung zwischen Ihrem Browser und dem Server des sozialen Netzwerks des Profils eines unserer sozialen Medien, das Sie besuchen, hergestellt. Das Netzwerk erh\u00e4lt dadurch die Information, dass Sie mit Ihrer IP-Adresse unsere Website besucht und den Link aufgerufen haben. Wenn Sie einen Link zu einem Netzwerk \u00f6ffnen, w\u00e4hrend Sie in Ihr Konto bei dem jeweiligen Netzwerk eingeloggt sind, k\u00f6nnen die Inhalte unserer Website mit Ihrem Profil in dem Netzwerk verkn\u00fcpft werden, d.h. das Netzwerk kann Ihren Besuch auf unserer Website direkt Ihrem Benutzerkonto zuordnen. Sie sollten sich, wenn Sie dies verhindern wollen, ausloggen, bevor Sie die entsprechenden Links bet\u00e4tigen. Eine Zuordnung findet in jedem Fall statt, wenn Sie sich nach Bet\u00e4tigung des Links in das jeweilige Netzwerk einloggen.    <\/p>\n<p><strong>KONTAKT<\/strong><\/p>\n<p>Wenn Sie Fragen zum Datenschutz auf unserer Website haben, wenn Sie eine Auskunft w\u00fcnschen oder die L\u00f6schung Ihrer Daten veranlassen m\u00f6chten, nehmen Sie bitte \u00fcber das entsprechende Online-Kontaktformular Kontakt auf.<\/p>\n<p>Sie k\u00f6nnen Ihre Anfrage auch an die Postadresse auf unserer Website senden.<\/p>\n<p><strong>ZULASSUNGEN<\/strong><\/p>\n<p>Sie erteilen uns die folgenden Einwilligungen. Sie k\u00f6nnen Ihre Einwilligung jederzeit mit Wirkung f\u00fcr die Zukunft widerrufen. <\/p>\n<p>&#8211; Ich bin damit einverstanden, regelm\u00e4\u00dfig per E-Mail Informationen \u00fcber Produkte und Dienstleistungen zu erhalten, die der Inhaber der Website anbietet. Ich kann meine Einwilligung jederzeit widerrufen. <\/p>\n<p>&#8211; Ich stimme zu, dass mithilfe von Cookies Nutzungsdaten gesammelt, gespeichert und f\u00fcr Re-Targeting-Zwecke verwendet werden k\u00f6nnen. Die Website nutzt zu diesem Zweck verschiedene Dienste, die Nutzungsdaten mithilfe von Cookies sammeln. <\/p>\n<p>&#8211; Ich bin damit einverstanden, dass die von mir angegebenen Daten und andere Nutzungsdaten analysiert werden, um mir personalisierte Werbung und\/oder besondere Angebote und Dienstleistungen zu pr\u00e4sentieren. Die Analyse der Nutzungsdaten kann zur Erstellung von Nutzerprofilen f\u00fchren. Die Nutzerprofile werden pseudonymisiert erstellt und nicht mit personenbezogenen Daten zusammengef\u00fchrt.  <\/p>\n","protected":false},"excerpt":{"rendered":"<p>DATENSCHUTZPOLITIK Wir sind f\u00fcr die Erhebung, Verarbeitung und Nutzung Ihrer personenbezogenen Daten sowie f\u00fcr die gesetzeskonforme Verarbeitung der Daten verantwortlich. Diese Datenschutzbestimmungen gelten als integraler Bestandteil der Nutzungsbedingungen. Wir verpflichten uns, verantwortungsvoll mit Ihren pers\u00f6nlichen Daten umzugehen. Wir halten uns daher an die gesetzlichen Anforderungen des Schweizerischen Bundesgesetzes \u00fcber den Datenschutz (DSG), der Verordnung zum [&hellip;]<\/p>\n","protected":false},"author":1,"featured_media":0,"parent":0,"menu_order":0,"comment_status":"closed","ping_status":"closed","template":"elementor_header_footer","meta":{"om_disable_all_campaigns":false,"_monsterinsights_skip_tracking":false,"_monsterinsights_sitenote_active":false,"_monsterinsights_sitenote_note":"","_monsterinsights_sitenote_category":0,"_uf_show_specific_survey":0,"_uf_disable_surveys":false,"footnotes":""},"class_list":["post-38530","page","type-page","status-publish","hentry"],"blocksy_meta":{"styles_descriptor":{"styles":{"desktop":"","tablet":"","mobile":""},"google_fonts":[],"version":6}},"aioseo_notices":[],"_links":{"self":[{"href":"https:\/\/www.victorynet.org\/de\/wp-json\/wp\/v2\/pages\/38530","targetHints":{"allow":["GET"]}}],"collection":[{"href":"https:\/\/www.victorynet.org\/de\/wp-json\/wp\/v2\/pages"}],"about":[{"href":"https:\/\/www.victorynet.org\/de\/wp-json\/wp\/v2\/types\/page"}],"author":[{"embeddable":true,"href":"https:\/\/www.victorynet.org\/de\/wp-json\/wp\/v2\/users\/1"}],"replies":[{"embeddable":true,"href":"https:\/\/www.victorynet.org\/de\/wp-json\/wp\/v2\/comments?post=38530"}],"version-history":[{"count":1,"href":"https:\/\/www.victorynet.org\/de\/wp-json\/wp\/v2\/pages\/38530\/revisions"}],"predecessor-version":[{"id":38531,"href":"https:\/\/www.victorynet.org\/de\/wp-json\/wp\/v2\/pages\/38530\/revisions\/38531"}],"wp:attachment":[{"href":"https:\/\/www.victorynet.org\/de\/wp-json\/wp\/v2\/media?parent=38530"}],"curies":[{"name":"wp","href":"https:\/\/api.w.org\/{rel}","templated":true}]}}